{"id":147442,"date":"2021-02-15T10:26:09","date_gmt":"2021-02-15T09:26:09","guid":{"rendered":"https:\/\/www.sanjm.eu\/?page_id=147442"},"modified":"2021-02-15T10:26:14","modified_gmt":"2021-02-15T09:26:14","slug":"testimonios","status":"publish","type":"page","link":"https:\/\/www.sanjm.eu\/es\/testimonios\/","title":{"rendered":"Testimonios"},"content":{"rendered":"\n<blockquote class=\"wp-block-quote is-layout-flow wp-block-quote-is-layout-flow\"><p>\u00abDesde que tomamos Ferment Daily, ya no nos preocupan nuestros problemas intestinales. Nos sentimos aliviados por los consejos del equipo y recuperamos el equilibrio.\u00bb<\/p><cite>Arnaud<\/cite><\/blockquote>\n\n\n\n<div class=\"wp-block-buttons is-layout-flex wp-block-buttons-is-layout-flex\">\n<div class=\"wp-block-button is-style-outline is-style-outline--1\"><a class=\"wp-block-button__link\" href=\"https:\/\/www.sanjm.eu\/es\/producto\/ferments-daily\/\">Descubre el fermento Daily<\/a><\/div>\n<\/div>\n\n\n\n<hr class=\"wp-block-separator\"\/>\n\n\n\n<blockquote class=\"wp-block-quote is-layout-flow wp-block-quote-is-layout-flow\"><p>\u201c\u00a1\u00a1Me sorprendieron los resultados despu\u00e9s del tratamiento con Boulardii !! Para los dos, fue como un enema beneficioso por dentro, un tratamiento, una revitalizaci\u00f3n de mi flora intestinal y una mejor salud general con mucha mejor asimilaci\u00f3n y digesti\u00f3n \u00ab.<\/p><cite>Laurent<\/cite><\/blockquote>\n\n\n\n<div class=\"wp-block-buttons is-layout-flex wp-block-buttons-is-layout-flex\">\n<div class=\"wp-block-button is-style-outline is-style-outline--2\"><a class=\"wp-block-button__link\" href=\"https:\/\/www.sanjm.eu\/es\/producto\/saccharromyces-boulardii-plus\/\">Descubre el fermento Boulardii<\/a><\/div>\n<\/div>\n\n\n\n<hr class=\"wp-block-separator\"\/>\n\n\n\n<blockquote class=\"wp-block-quote is-layout-flow wp-block-quote-is-layout-flow\"><p>\u201cLa dosis recomendada de vitamina D por la normativa europea es de 5 \u00b5g \/ d\u00eda. La dosis proporcionada por una c\u00e1psula de Ferment D3 es de 3,75 \u03bcg, es decir, 7,5 \u03bcg para 2 c\u00e1psulas. Esto permite cumplir con las ingestas recomendadas por Europa.\u00bb<\/p><cite>Jean<\/cite><\/blockquote>\n\n\n\n<div class=\"wp-block-buttons is-layout-flex wp-block-buttons-is-layout-flex\">\n<div class=\"wp-block-button is-style-outline is-style-outline--3\"><a class=\"wp-block-button__link\" href=\"https:\/\/www.sanjm.eu\/es\/producto\/ferments-d3\/\">Descrubre el fermento D3<\/a><\/div>\n<\/div>\n\n\n\n<hr class=\"wp-block-separator\"\/>\n\n\n\n<blockquote class=\"wp-block-quote is-layout-flow wp-block-quote-is-layout-flow\"><p>\u00abGracias de nuevo por este producto, el fermento Slim Plus, que ayud\u00f3 a mi hija a perder 6 kg\u00bb.<\/p><cite>Jeanne<\/cite><\/blockquote>\n\n\n\n<div class=\"wp-block-buttons is-layout-flex wp-block-buttons-is-layout-flex\">\n<div class=\"wp-block-button is-style-outline is-style-outline--4\"><a class=\"wp-block-button__link\" href=\"https:\/\/www.sanjm.eu\/es\/producto\/ferments-slim-plus\/\">Descubre el fermento Slim plus<\/a><\/div>\n<\/div>\n\n\n\n<hr class=\"wp-block-separator\"\/>\n\n\n\n<blockquote class=\"wp-block-quote is-layout-flow wp-block-quote-is-layout-flow\"><p>\u201cMe permito publicar una rese\u00f1a sobre este producto porque me ha aliviado de mi cistitis recurrente. Como tomo femina una vez cada dos meses, \u00a1ni una sola cistitis! \u00ab<\/p><cite>Murielle<\/cite><\/blockquote>\n\n\n\n<div class=\"wp-block-buttons is-layout-flex wp-block-buttons-is-layout-flex\">\n<div class=\"wp-block-button is-style-outline is-style-outline--5\"><a class=\"wp-block-button__link\" href=\"https:\/\/www.sanjm.eu\/es\/producto\/ferments-femina\/\">Descubre el fermento Femina<\/a><\/div>\n<\/div>\n\n\n\n<hr class=\"wp-block-separator\"\/>\n\n\n\n<blockquote class=\"wp-block-quote is-layout-flow wp-block-quote-is-layout-flow\"><p>\u201cHola, soy una madre que buscaba soluciones para su hija, que padec\u00eda terribles dolencias intestinales. Despu\u00e9s de visitar a muchos m\u00e9dicos, la \u00fanica soluci\u00f3n fue una operaci\u00f3n con la instalaci\u00f3n de un bolsillo \u2026 \u00a1Mi hija ha estado haciendo curas de Ferment durante 10 d\u00edas durante meses y a\u00fan contin\u00faa porque finalmente no tuvo una operaci\u00f3n! \u00a1Gracias de nuevo por darme consejos!\u00bb<\/p><cite>Isabelle<\/cite><\/blockquote>\n\n\n\n<div class=\"wp-block-buttons is-layout-flex wp-block-buttons-is-layout-flex\">\n<div class=\"wp-block-button is-style-outline is-style-outline--6\"><a class=\"wp-block-button__link\" href=\"https:\/\/www.sanjm.eu\/es\/producto\/ferments-10-days-plus\/\">Descubre el fermento 10 days<\/a><\/div>\n<\/div>\n\n\n\n<hr class=\"wp-block-separator\"\/>\n\n\n\n<blockquote class=\"wp-block-quote is-layout-flow wp-block-quote-is-layout-flow\"><p>\u00abMi hijo toma fermentos Junior Plus cada dos d\u00edas y hemos descubierto que puede tolerar la ingesta de gluten nuevamente y ya no tiene dolor de est\u00f3mago\u00bb.<\/p><cite>Rudy<\/cite><\/blockquote>\n\n\n\n<div class=\"wp-block-buttons is-layout-flex wp-block-buttons-is-layout-flex\">\n<div class=\"wp-block-button is-style-outline is-style-outline--7\"><a class=\"wp-block-button__link\" href=\"https:\/\/www.sanjm.eu\/es\/producto\/ferments-junior-plus\/\">Descubre el fermento Junior plus<\/a><\/div>\n<\/div>\n\n\n\n<hr class=\"wp-block-separator\"\/>\n\n\n\n<blockquote class=\"wp-block-quote is-layout-flow wp-block-quote-is-layout-flow\"><p>\u201c\u00a1Apruebo el Ferment Immun! Tuve algunas infecciones renales que desaparecieron \u00ab.<\/p><cite>Paul<\/cite><\/blockquote>\n\n\n\n<div class=\"wp-block-buttons is-layout-flex wp-block-buttons-is-layout-flex\">\n<div class=\"wp-block-button is-style-outline is-style-outline--8\"><a class=\"wp-block-button__link\" href=\"https:\/\/www.sanjm.eu\/es\/producto\/ferments-immun\/\">Descubre el fermento Immun<\/a><\/div>\n<\/div>\n\n\n\n<hr class=\"wp-block-separator\"\/>\n\n\n\n<blockquote class=\"wp-block-quote is-layout-flow wp-block-quote-is-layout-flow\"><p>\u201cEste fermento Relax es un producto muy bueno. Act\u00faa sobre la ansiedad y el nerviosismo \u00ab.<\/p><cite>Marc<\/cite><\/blockquote>\n\n\n\n<div class=\"wp-block-buttons is-layout-flex wp-block-buttons-is-layout-flex\">\n<div class=\"wp-block-button is-style-outline is-style-outline--9\"><a class=\"wp-block-button__link\" href=\"https:\/\/www.sanjm.eu\/es\/producto\/ferments-relax\/\">Descubre el fermento Relax<\/a><\/div>\n<\/div>\n\n\n\n<hr class=\"wp-block-separator\"\/>\n\n\n\n<blockquote class=\"wp-block-quote is-layout-flow wp-block-quote-is-layout-flow\"><p>\u201cCompr\u00e9 Senior Fermento para mi padre, de 78 a\u00f1os, que se quejaba de mala digestibilidad. Esta es la tercera vez que compro que pase, ya que no tengo quejas de \u00e9l \u201d.<\/p><cite>Christine<\/cite><\/blockquote>\n\n\n\n<div class=\"wp-block-buttons is-layout-flex wp-block-buttons-is-layout-flex\">\n<div class=\"wp-block-button is-style-outline is-style-outline--10\"><a class=\"wp-block-button__link\" href=\"https:\/\/www.sanjm.eu\/es\/producto\/ferments-senior\/\">Descubre el fermento Senior<\/a><\/div>\n<\/div>\n","protected":false},"excerpt":{"rendered":"<p>\u00abDesde que tomamos Ferment Daily, ya no nos preocupan nuestros problemas intestinales. Nos sentimos aliviados por los consejos del equipo y recuperamos el equilibrio.\u00bb Arnaud \u201c\u00a1\u00a1Me sorprendieron los resultados despu\u00e9s del tratamiento con Boulardii !! Para los dos, fue como un enema beneficioso por dentro, un tratamiento, una revitalizaci\u00f3n de mi flora intestinal y una &hellip; <\/p>\n<p class=\"link-more\"><a href=\"https:\/\/www.sanjm.eu\/es\/testimonios\/\" class=\"more-link\">Seguir leyendo<span class=\"screen-reader-text\"> \u00abTestimonios\u00bb<\/span><\/a><\/p>\n","protected":false},"author":34,"featured_media":0,"parent":0,"menu_order":0,"comment_status":"closed","ping_status":"closed","template":"","meta":{"_acf_changed":false,"footnotes":""},"class_list":["post-147442","page","type-page","status-publish","hentry","entry"],"acf":[],"_links":{"self":[{"href":"https:\/\/www.sanjm.eu\/es\/wp-json\/wp\/v2\/pages\/147442","targetHints":{"allow":["GET"]}}],"collection":[{"href":"https:\/\/www.sanjm.eu\/es\/wp-json\/wp\/v2\/pages"}],"about":[{"href":"https:\/\/www.sanjm.eu\/es\/wp-json\/wp\/v2\/types\/page"}],"author":[{"embeddable":true,"href":"https:\/\/www.sanjm.eu\/es\/wp-json\/wp\/v2\/users\/34"}],"replies":[{"embeddable":true,"href":"https:\/\/www.sanjm.eu\/es\/wp-json\/wp\/v2\/comments?post=147442"}],"version-history":[{"count":0,"href":"https:\/\/www.sanjm.eu\/es\/wp-json\/wp\/v2\/pages\/147442\/revisions"}],"wp:attachment":[{"href":"https:\/\/www.sanjm.eu\/es\/wp-json\/wp\/v2\/media?parent=147442"}],"curies":[{"name":"wp","href":"https:\/\/api.w.org\/{rel}","templated":true}]}}