{"id":1847,"date":"2019-07-31T16:17:46","date_gmt":"2019-07-31T14:17:46","guid":{"rendered":"http:\/\/www.sanjm.eu\/product\/ferments-junior-plus\/"},"modified":"2022-06-09T16:38:21","modified_gmt":"2022-06-09T14:38:21","slug":"ferments-junior-plus","status":"publish","type":"product","link":"https:\/\/www.sanjm.eu\/es\/producto\/ferments-junior-plus\/","title":{"rendered":"Ferment Junior plus"},"content":{"rendered":"<p>Testimonio del cliente<\/p>\n<blockquote><p>\u00abMi hijo toma fermentos junior plus cada dos d\u00edas y hemos descubierto que tolera la ingesti\u00f3n de gluten nuevamente y ya no tiene dolor de est\u00f3mago.\u00bb<\/p><\/blockquote>\n<p>Rudy<\/p>\n","protected":false},"excerpt":{"rendered":"<p>Testimonio del cliente \u00abMi hijo toma fermentos junior plus cada dos d\u00edas y hemos descubierto que tolera la ingesti\u00f3n de gluten nuevamente y ya no tiene dolor de est\u00f3mago.\u00bb Rudy<\/p>\n","protected":false},"featured_media":2644,"comment_status":"open","ping_status":"closed","template":"","meta":{"_acf_changed":false},"product_brand":[],"product_cat":[15],"product_tag":[],"class_list":{"0":"post-1847","1":"product","2":"type-product","3":"status-publish","4":"has-post-thumbnail","6":"product_cat-uncategorized","7":"entry","9":"first","10":"instock","11":"shipping-taxable","12":"purchasable","13":"product-type-simple"},"acf":[],"_links":{"self":[{"href":"https:\/\/www.sanjm.eu\/es\/wp-json\/wp\/v2\/product\/1847","targetHints":{"allow":["GET"]}}],"collection":[{"href":"https:\/\/www.sanjm.eu\/es\/wp-json\/wp\/v2\/product"}],"about":[{"href":"https:\/\/www.sanjm.eu\/es\/wp-json\/wp\/v2\/types\/product"}],"replies":[{"embeddable":true,"href":"https:\/\/www.sanjm.eu\/es\/wp-json\/wp\/v2\/comments?post=1847"}],"wp:featuredmedia":[{"embeddable":true,"href":"https:\/\/www.sanjm.eu\/es\/wp-json\/wp\/v2\/media\/2644"}],"wp:attachment":[{"href":"https:\/\/www.sanjm.eu\/es\/wp-json\/wp\/v2\/media?parent=1847"}],"wp:term":[{"taxonomy":"product_brand","embeddable":true,"href":"https:\/\/www.sanjm.eu\/es\/wp-json\/wp\/v2\/product_brand?post=1847"},{"taxonomy":"product_cat","embeddable":true,"href":"https:\/\/www.sanjm.eu\/es\/wp-json\/wp\/v2\/product_cat?post=1847"},{"taxonomy":"product_tag","embeddable":true,"href":"https:\/\/www.sanjm.eu\/es\/wp-json\/wp\/v2\/product_tag?post=1847"}],"curies":[{"name":"wp","href":"https:\/\/api.w.org\/{rel}","templated":true}]}}